{"id":8526,"date":"2024-11-05T18:54:07","date_gmt":"2024-11-05T21:54:07","guid":{"rendered":"https:\/\/www.engepoli.com\/malas-burbujas-y-sindrome-del-edificio-enfermo\/"},"modified":"2025-07-06T18:13:45","modified_gmt":"2025-07-06T21:13:45","slug":"malas-burbujas-y-sindrome-del-edificio-enfermo","status":"publish","type":"page","link":"https:\/\/www.engepoli.com\/es\/malas-burbujas-y-sindrome-del-edificio-enfermo\/","title":{"rendered":"Malas Burbujas y S\u00edndrome del Edificio Enfermo"},"content":{"rendered":"\t\t<div data-elementor-type=\"wp-page\" data-elementor-id=\"8526\" class=\"elementor elementor-8526 elementor-5472\" data-elementor-post-type=\"page\">\n\t\t\t\t<div class=\"elementor-element elementor-element-76c1596 e-flex e-con-boxed e-con e-parent\" data-id=\"76c1596\" data-element_type=\"container\" data-e-type=\"container\" data-settings=\"{&quot;background_background&quot;:&quot;classic&quot;,&quot;jet_parallax_layout_list&quot;:[]}\">\n\t\t\t\t\t<div class=\"e-con-inner\">\n\t\t\t\t\t<\/div>\n\t\t\t\t<\/div>\n\t\t<div class=\"elementor-element elementor-element-a9a3c13 e-flex e-con-boxed e-con e-parent\" data-id=\"a9a3c13\" data-element_type=\"container\" data-e-type=\"container\" data-settings=\"{&quot;jet_parallax_layout_list&quot;:[]}\">\n\t\t\t\t\t<div class=\"e-con-inner\">\n\t\t<div class=\"elementor-element elementor-element-9be46b0 e-con-full e-flex e-con e-child\" data-id=\"9be46b0\" data-element_type=\"container\" data-e-type=\"container\" data-settings=\"{&quot;jet_parallax_layout_list&quot;:[]}\">\n\t\t\t\t<div class=\"elementor-element elementor-element-83ac12d elementor-widget elementor-widget-heading\" data-id=\"83ac12d\" data-element_type=\"widget\" data-e-type=\"widget\" data-widget_type=\"heading.default\">\n\t\t\t\t\t<h4 class=\"elementor-heading-title elementor-size-default\">Pasamos el 90% de nuestro tiempo en interiores, sin suficiente luz diurna ni aire fresco. Ya no pensamos en ello, pero la ciencia ha demostrado que puede ser perjudicial para nuestra salud y bienestar.<\/h4>\t\t\t\t<\/div>\n\t\t\t\t<\/div>\n\t\t<div class=\"elementor-element elementor-element-3f321aa e-con-full e-flex e-con e-child\" data-id=\"3f321aa\" data-element_type=\"container\" data-e-type=\"container\" data-settings=\"{&quot;jet_parallax_layout_list&quot;:[]}\">\n\t\t\t\t<div class=\"elementor-element elementor-element-c0b102f elementor-widget elementor-widget-text-editor\" data-id=\"c0b102f\" data-element_type=\"widget\" data-e-type=\"widget\" data-widget_type=\"text-editor.default\">\n\t\t\t\t\t\t\t\t\t<p>En el interior, conseguimos aislarnos de las incertidumbres e incomodidades del mundo natural, pero en muchos sentidos result\u00f3 ser una victoria fallida.<\/p><p>En la actualidad, 84 millones de europeos viven en edificios tan h\u00famedos y mohosos que suponen una amenaza potencial para su bienestar f\u00edsico y mental. Este aire interior puede provocar toda una serie de enfermedades, desde dolores de cabeza y oculares hasta alergias y asma. Las personas tienen un 40% m\u00e1s de probabilidades de padecer asma cuando viven en un ambiente h\u00famedo.<\/p><p>La falta de luz solar directa tambi\u00e9n causa problemas de salud como la carencia de vitamina D, que puede contribuir a la sensaci\u00f3n de cansancio, fatiga y bajo estado de \u00e1nimo.<\/p>\t\t\t\t\t\t\t\t<\/div>\n\t\t\t\t<\/div>\n\t\t\t\t\t<\/div>\n\t\t\t\t<\/div>\n\t\t<div class=\"elementor-element elementor-element-e567f99 e-flex e-con-boxed e-con e-parent\" data-id=\"e567f99\" data-element_type=\"container\" data-e-type=\"container\" data-settings=\"{&quot;jet_parallax_layout_list&quot;:[]}\">\n\t\t\t\t\t<div class=\"e-con-inner\">\n\t\t\t\t<div class=\"elementor-element elementor-element-35b803b elementor-widget elementor-widget-heading\" data-id=\"35b803b\" data-element_type=\"widget\" data-e-type=\"widget\" data-widget_type=\"heading.default\">\n\t\t\t\t\t<h4 class=\"elementor-heading-title elementor-size-default\">\u00bfSabes lo que es una BURBUJA MALA?<\/h4>\t\t\t\t<\/div>\n\t\t\t\t<div class=\"elementor-element elementor-element-f7834cd elementor-widget elementor-widget-heading\" data-id=\"f7834cd\" data-element_type=\"widget\" data-e-type=\"widget\" data-widget_type=\"heading.default\">\n\t\t\t\t\t<p class=\"elementor-heading-title elementor-size-default\">Vea el v\u00eddeo y desc\u00fabralo.<\/p>\t\t\t\t<\/div>\n\t\t\t\t\t<\/div>\n\t\t\t\t<\/div>\n\t\t<div class=\"elementor-element elementor-element-13f96f9 e-flex e-con-boxed e-con e-parent\" data-id=\"13f96f9\" data-element_type=\"container\" data-e-type=\"container\" data-settings=\"{&quot;jet_parallax_layout_list&quot;:[]}\">\n\t\t\t\t\t<div class=\"e-con-inner\">\n\t\t\t\t<div class=\"elementor-element elementor-element-bc6f050 elementor-widget elementor-widget-video\" data-id=\"bc6f050\" data-element_type=\"widget\" data-e-type=\"widget\" data-settings=\"{&quot;youtube_url&quot;:&quot;https:\\\/\\\/www.youtube.com\\\/watch?v=lwBXmAlgU3A&quot;,&quot;video_type&quot;:&quot;youtube&quot;,&quot;controls&quot;:&quot;yes&quot;}\" data-widget_type=\"video.default\">\n\t\t\t\t\t\t\t<div class=\"elementor-wrapper elementor-open-inline\">\n\t\t\t<div class=\"elementor-video\"><\/div>\t\t<\/div>\n\t\t\t\t\t\t<\/div>\n\t\t\t\t\t<\/div>\n\t\t\t\t<\/div>\n\t\t<div class=\"elementor-element elementor-element-c3abbfa e-flex e-con-boxed e-con e-parent\" data-id=\"c3abbfa\" data-element_type=\"container\" data-e-type=\"container\" data-settings=\"{&quot;jet_parallax_layout_list&quot;:[]}\">\n\t\t\t\t\t<div class=\"e-con-inner\">\n\t\t<div class=\"elementor-element elementor-element-83ecbd2 e-con-full e-flex e-con e-child\" data-id=\"83ecbd2\" data-element_type=\"container\" data-e-type=\"container\" data-settings=\"{&quot;jet_parallax_layout_list&quot;:[]}\">\n\t\t\t\t<div class=\"elementor-element elementor-element-f0ff823 elementor-widget elementor-widget-text-editor\" data-id=\"f0ff823\" data-element_type=\"widget\" data-e-type=\"widget\" data-widget_type=\"text-editor.default\">\n\t\t\t\t\t\t\t\t\t<p>Los expertos tambi\u00e9n estiman que hasta el 30% de la poblaci\u00f3n mundial padece distintos niveles de TAE (Trastorno Afectivo Estacional o depresi\u00f3n invernal). La causa exacta del TAE no se conoce del todo, pero suele asociarse a una menor exposici\u00f3n a la luz solar.<\/p><p>El aire interior est\u00e1 contaminado por una lista aparentemente interminable de fuentes. Es todo, desde el exceso de CO2 hasta la humedad, desde la generaci\u00f3n de gases contaminantes hasta el calentamiento de materiales.<\/p>\t\t\t\t\t\t\t\t<\/div>\n\t\t\t\t<\/div>\n\t\t<div class=\"elementor-element elementor-element-74bdb0f e-con-full e-flex e-con e-child\" data-id=\"74bdb0f\" data-element_type=\"container\" data-e-type=\"container\" data-settings=\"{&quot;jet_parallax_layout_list&quot;:[]}\">\n\t\t\t\t<div class=\"elementor-element elementor-element-e98436e elementor-widget elementor-widget-text-editor\" data-id=\"e98436e\" data-element_type=\"widget\" data-e-type=\"widget\" data-widget_type=\"text-editor.default\">\n\t\t\t\t\t\t\t\t\t<p>Si no se toman medidas, estos problemas no har\u00e1n sino empeorar. Por eso es tan importante que todos nos replanteemos nuestra forma de vivir en interiores. Desde los ciudadanos de a pie hasta los dise\u00f1adores y arquitectos, desde la industria hasta las grandes superficies, todos tenemos la responsabilidad de hacer todo lo posible para que nuestras obras tengan un entorno saludable. Tenemos que empezar a construir de otra manera para vivir de otra manera.<\/p><p>Algunas soluciones son sencillas, otras m\u00e1s elaboradas y otras requieren cambios fundamentales en la sociedad. Pero se puede hacer, actuando ahora, juntos.<\/p>\t\t\t\t\t\t\t\t<\/div>\n\t\t\t\t<\/div>\n\t\t\t\t\t<\/div>\n\t\t\t\t<\/div>\n\t\t<div class=\"elementor-element elementor-element-f03f6da e-flex e-con-boxed e-con e-parent\" data-id=\"f03f6da\" data-element_type=\"container\" data-e-type=\"container\" data-settings=\"{&quot;jet_parallax_layout_list&quot;:[]}\">\n\t\t\t\t\t<div class=\"e-con-inner\">\n\t\t\t\t<div class=\"elementor-element elementor-element-8a2d12b g-text-1 elementor-widget elementor-widget-heading\" data-id=\"8a2d12b\" data-element_type=\"widget\" data-e-type=\"widget\" data-widget_type=\"heading.default\">\n\t\t\t\t\t<h3 class=\"elementor-heading-title elementor-size-default\">\u00bfBusca soluciones de iluminaci\u00f3n, ventilaci\u00f3n y extracci\u00f3n natural?<\/h3>\t\t\t\t<\/div>\n\t\t\t\t<div class=\"elementor-element elementor-element-7008e80 elementor-widget elementor-widget-text-editor\" data-id=\"7008e80\" data-element_type=\"widget\" data-e-type=\"widget\" data-widget_type=\"text-editor.default\">\n\t\t\t\t\t\t\t\t\t<p>Hable con nuestro equipo y descubra c\u00f3mo podemos ayudar a su empresa o edificio a convertirse en una historia de \u00e9xito en t\u00e9rminos de sostenibilidad, ahorro energ\u00e9tico y bienestar de sus habitantes.<\/p>\t\t\t\t\t\t\t\t<\/div>\n\t\t\t\t\t<\/div>\n\t\t\t\t<\/div>\n\t\t<div class=\"elementor-element elementor-element-9bf2b64 e-flex e-con-boxed e-con e-parent\" data-id=\"9bf2b64\" data-element_type=\"container\" data-e-type=\"container\" data-settings=\"{&quot;jet_parallax_layout_list&quot;:[]}\">\n\t\t\t\t\t<div class=\"e-con-inner\">\n\t\t<div class=\"elementor-element elementor-element-1138073 e-con-full e-flex e-con e-child\" data-id=\"1138073\" data-element_type=\"container\" data-e-type=\"container\" data-settings=\"{&quot;jet_parallax_layout_list&quot;:[]}\">\n\t\t\t\t<div class=\"elementor-element elementor-element-2fe09d4 elementor-cta--skin-classic elementor-animated-content elementor-bg-transform elementor-bg-transform-zoom-in elementor-widget elementor-widget-call-to-action\" data-id=\"2fe09d4\" data-element_type=\"widget\" data-e-type=\"widget\" data-widget_type=\"call-to-action.default\">\n\t\t\t\t\t\t\t<a class=\"elementor-cta\" href=\"https:\/\/www.engepoli.com\/como-obter-a-certificacao-leed\/\">\n\t\t\t\t\t<div class=\"elementor-cta__bg-wrapper\">\n\t\t\t\t<div class=\"elementor-cta__bg elementor-bg\" style=\"background-image: url(https:\/\/www.engepoli.com\/wp-content\/uploads\/2024\/08\/shutterstock_1383781481-1.jpg);\" role=\"img\" aria-label=\"shutterstock_1383781481-1\"><\/div>\n\t\t\t\t<div class=\"elementor-cta__bg-overlay\"><\/div>\n\t\t\t<\/div>\n\t\t\t\t\t\t\t<div class=\"elementor-cta__content\">\n\t\t\t\t\n\t\t\t\t\t\t\t\t\t<h4 class=\"elementor-cta__title elementor-cta__content-item elementor-content-item\">\n\t\t\t\t\t\tC\u00f3mo obtener la certificaci\u00f3n LEED para su edificio\t\t\t\t\t<\/h4>\n\t\t\t\t\n\t\t\t\t\t\t\t\t\t<div class=\"elementor-cta__description elementor-cta__content-item elementor-content-item\">\n\t\t\t\t\t\tPaso a paso le ayudar\u00e1 a certificar su edificio para que sea reconocido como edificio sostenible\t\t\t\t\t<\/div>\n\t\t\t\t\n\t\t\t\t\t\t\t<\/div>\n\t\t\t\t\t\t<\/a>\n\t\t\t\t\t\t<\/div>\n\t\t\t\t<\/div>\n\t\t<div class=\"elementor-element elementor-element-cd506de e-con-full e-flex e-con e-child\" data-id=\"cd506de\" data-element_type=\"container\" data-e-type=\"container\" data-settings=\"{&quot;jet_parallax_layout_list&quot;:[]}\">\n\t\t\t\t<div class=\"elementor-element elementor-element-c7fe3c4 elementor-cta--skin-classic elementor-animated-content elementor-bg-transform elementor-bg-transform-zoom-in elementor-widget elementor-widget-call-to-action\" data-id=\"c7fe3c4\" data-element_type=\"widget\" data-e-type=\"widget\" data-widget_type=\"call-to-action.default\">\n\t\t\t\t\t\t\t<div class=\"elementor-cta\">\n\t\t\t\t\t<div class=\"elementor-cta__bg-wrapper\">\n\t\t\t\t<div class=\"elementor-cta__bg elementor-bg\" style=\"background-image: url(https:\/\/www.engepoli.com\/wp-content\/uploads\/2024\/08\/skyluxbuilding-img-5793-scaled-1-1024x768.jpg);\" role=\"img\" aria-label=\"skyluxbuilding-img-5793-scaled\"><\/div>\n\t\t\t\t<div class=\"elementor-cta__bg-overlay\"><\/div>\n\t\t\t<\/div>\n\t\t\t\t\t\t\t<div class=\"elementor-cta__content\">\n\t\t\t\t\n\t\t\t\t\t\t\t\t\t<h4 class=\"elementor-cta__title elementor-cta__content-item elementor-content-item\">\n\t\t\t\t\t\tEntrevista con el ing. Medio ambiente Eduardo Padua de Mattos\t\t\t\t\t<\/h4>\n\t\t\t\t\n\t\t\t\t\t\t\t\t\t<div class=\"elementor-cta__description elementor-cta__content-item elementor-content-item\">\n\t\t\t\t\t\tM\u00e1s informaci\u00f3n sobre la certificaci\u00f3n LEED en Engepoli Skylux Building en esta entrevista especial\t\t\t\t\t<\/div>\n\t\t\t\t\n\t\t\t\t\t\t\t<\/div>\n\t\t\t\t\t\t<\/div>\n\t\t\t\t\t\t<\/div>\n\t\t\t\t<\/div>\n\t\t<div class=\"elementor-element elementor-element-7d53b4e e-con-full e-flex e-con e-child\" data-id=\"7d53b4e\" data-element_type=\"container\" data-e-type=\"container\" data-settings=\"{&quot;jet_parallax_layout_list&quot;:[]}\">\n\t\t\t\t<div class=\"elementor-element elementor-element-4d1d05e elementor-cta--skin-classic elementor-animated-content elementor-bg-transform elementor-bg-transform-zoom-in elementor-widget elementor-widget-call-to-action\" data-id=\"4d1d05e\" data-element_type=\"widget\" data-e-type=\"widget\" data-widget_type=\"call-to-action.default\">\n\t\t\t\t\t\t\t<a class=\"elementor-cta\" href=\"https:\/\/conteudos.engepoli.com\/8-obras-certificadas-leed-com-engepoli\" target=\"_blank\" rel=\"noopener\">\n\t\t\t\t\t<div class=\"elementor-cta__bg-wrapper\">\n\t\t\t\t<div class=\"elementor-cta__bg elementor-bg\" style=\"background-image: url(https:\/\/www.engepoli.com\/wp-content\/uploads\/2024\/08\/coca-cola-andina-engepoli-1024x576-1.jpg);\" role=\"img\" aria-label=\"coca-cola-andina-engepoli-1024x576-1\"><\/div>\n\t\t\t\t<div class=\"elementor-cta__bg-overlay\"><\/div>\n\t\t\t<\/div>\n\t\t\t\t\t\t\t<div class=\"elementor-cta__content\">\n\t\t\t\t\n\t\t\t\t\t\t\t\t\t<h4 class=\"elementor-cta__title elementor-cta__content-item elementor-content-item\">\n\t\t\t\t\t\t8 edificios con certificaci\u00f3n LEED que utilizaron productos Engepoli\t\t\t\t\t<\/h4>\n\t\t\t\t\n\t\t\t\t\t\t\t\t\t<div class=\"elementor-cta__description elementor-cta__content-item elementor-content-item\">\n\t\t\t\t\t\tDescubra 8 casos de \u00e9xito de edificios con certificaci\u00f3n LEED que utilizan nuestras soluciones\t\t\t\t\t<\/div>\n\t\t\t\t\n\t\t\t\t\t\t\t<\/div>\n\t\t\t\t\t\t<\/a>\n\t\t\t\t\t\t<\/div>\n\t\t\t\t<\/div>\n\t\t\t\t\t<\/div>\n\t\t\t\t<\/div>\n\t\t\t\t<\/div>\n\t\t","protected":false},"excerpt":{"rendered":"<p>Pasamos el 90% de nuestro tiempo en interiores, sin suficiente luz diurna ni aire fresco. Ya no pensamos en ello, pero la ciencia ha demostrado que puede ser perjudicial para nuestra salud y bienestar. En el interior, conseguimos aislarnos de las incertidumbres e incomodidades del mundo natural, pero en muchos sentidos result\u00f3 ser una victoria [&hellip;]<\/p>\n","protected":false},"author":4,"featured_media":0,"parent":0,"menu_order":0,"comment_status":"closed","ping_status":"closed","template":"","meta":{"footnotes":""},"class_list":["post-8526","page","type-page","status-publish","hentry"],"_links":{"self":[{"href":"https:\/\/www.engepoli.com\/es\/wp-json\/wp\/v2\/pages\/8526","targetHints":{"allow":["GET"]}}],"collection":[{"href":"https:\/\/www.engepoli.com\/es\/wp-json\/wp\/v2\/pages"}],"about":[{"href":"https:\/\/www.engepoli.com\/es\/wp-json\/wp\/v2\/types\/page"}],"author":[{"embeddable":true,"href":"https:\/\/www.engepoli.com\/es\/wp-json\/wp\/v2\/users\/4"}],"replies":[{"embeddable":true,"href":"https:\/\/www.engepoli.com\/es\/wp-json\/wp\/v2\/comments?post=8526"}],"version-history":[{"count":0,"href":"https:\/\/www.engepoli.com\/es\/wp-json\/wp\/v2\/pages\/8526\/revisions"}],"wp:attachment":[{"href":"https:\/\/www.engepoli.com\/es\/wp-json\/wp\/v2\/media?parent=8526"}],"curies":[{"name":"wp","href":"https:\/\/api.w.org\/{rel}","templated":true}]}}